{"id":44206,"date":"2026-01-16T22:06:18","date_gmt":"2026-01-16T21:06:18","guid":{"rendered":"https:\/\/sergi-energy.com\/solutions-de-retrofit\/"},"modified":"2026-01-22T21:49:03","modified_gmt":"2026-01-22T20:49:03","slug":"solutions-de-retrofit","status":"publish","type":"page","link":"https:\/\/sergi-energy.com\/fr\/solutions-ingenierie\/solutions-de-retrofit\/","title":{"rendered":"Solutions de r\u00e9trofit"},"content":{"rendered":"\t\t<div data-elementor-type=\"wp-page\" data-elementor-id=\"44206\" class=\"elementor elementor-44206 elementor-42636\" data-elementor-post-type=\"page\">\n\t\t\t\t<div data-particle_enable=\"false\" data-particle-mobile-disabled=\"false\" class=\"elementor-element elementor-element-ab8c526 e-flex e-con-boxed e-con e-parent\" data-id=\"ab8c526\" data-element_type=\"container\" data-e-type=\"container\" data-settings=\"{&quot;background_background&quot;:&quot;classic&quot;}\">\n\t\t\t\t\t<div class=\"e-con-inner\">\n\t\t<div data-particle_enable=\"false\" data-particle-mobile-disabled=\"false\" class=\"elementor-element elementor-element-c1c68a9 e-con-full e-flex e-con e-child\" data-id=\"c1c68a9\" data-element_type=\"container\" data-e-type=\"container\">\n\t\t\t\t<div class=\"elementor-element elementor-element-d45a417 elementor-widget elementor-widget-the7-breadcrumb\" data-id=\"d45a417\" data-element_type=\"widget\" data-e-type=\"widget\" data-widget_type=\"the7-breadcrumb.default\">\n\t\t\t\t<div class=\"elementor-widget-container\">\n\t\t\t\t\t<div class=\"assistive-text\">Vous \u00eates ici :<\/div><ol class=\"breadcrumbs text-small rcrumbs\" itemscope itemtype=\"https:\/\/schema.org\/BreadcrumbList\"><li itemprop=\"itemListElement\" itemscope itemtype=\"https:\/\/schema.org\/ListItem\"><i aria-hidden=\"true\" class=\"sn sn-keyboard_arrow_right\"><\/i><a itemprop=\"item\" href=\"https:\/\/sergi-energy.com\/fr\/\" title=\"Accueil\"><span itemprop=\"name\">Accueil<\/span><\/a><meta itemprop=\"position\" content=\"1\" \/><\/li><li class=\"current\" itemprop=\"itemListElement\" itemscope itemtype=\"https:\/\/schema.org\/ListItem\"><i aria-hidden=\"true\" class=\"sn sn-keyboard_arrow_right\"><\/i><span itemprop=\"name\">Page<\/span><meta itemprop=\"position\" content=\"2\" \/><\/li><\/ol>\t\t\t\t<\/div>\n\t\t\t\t<\/div>\n\t\t\t\t<div class=\"elementor-element elementor-element-96138b0 elementor-widget-tablet__width-inherit elementor-widget elementor-widget-the7-heading\" data-id=\"96138b0\" data-element_type=\"widget\" data-e-type=\"widget\" data-widget_type=\"the7-heading.default\">\n\t\t\t\t<div class=\"elementor-widget-container\">\n\t\t\t\t\t<h1 class=\"the7-heading-title elementor-size-default\">Solutions de r\u00e9trofit<\/h1>\t\t\t\t<\/div>\n\t\t\t\t<\/div>\n\t\t\t\t<div class=\"elementor-element elementor-element-c10fc40 elementor-widget-tablet__width-inherit elementor-widget elementor-widget-the7-heading\" data-id=\"c10fc40\" data-element_type=\"widget\" data-e-type=\"widget\" data-widget_type=\"the7-heading.default\">\n\t\t\t\t<div class=\"elementor-widget-container\">\n\t\t\t\t\t<h2 class=\"the7-heading-title elementor-size-default\">La panne du transformateur n\u2019est pas un incident.\nC\u2019est un \u00e9v\u00e9nement syst\u00e9mique.<\/h2>\t\t\t\t<\/div>\n\t\t\t\t<\/div>\n\t\t\t\t<div class=\"elementor-element elementor-element-956e532 elementor-widget elementor-widget-text-editor\" data-id=\"956e532\" data-element_type=\"widget\" data-e-type=\"widget\" data-widget_type=\"text-editor.default\">\n\t\t\t\t\t\t\t\t\t<p data-start=\"530\" data-end=\"668\">Le SERGI emp\u00eache les explosions et incendies de transformateurs afin de prot\u00e9ger les personnes, les syst\u00e8mes \u00e9lectriques et la continuit\u00e9 des infrastructures critiques dans le monde.<\/p>\t\t\t\t\t\t\t\t<\/div>\n\t\t\t\t<div class=\"elementor-element elementor-element-74248ac elementor-align-left elementor-widget__width-auto elementor-widget elementor-widget-the7_button_widget\" data-id=\"74248ac\" data-element_type=\"widget\" data-e-type=\"widget\" data-widget_type=\"the7_button_widget.default\">\n\t\t\t\t<div class=\"elementor-widget-container\">\n\t\t\t\t\t<div class=\"elementor-button-wrapper\"><a href=\"https:\/\/sergi-energy.com\/fr\/?page_id=44515\" class=\"box-button elementor-button elementor-size-lg\">D\u00e9couvrez nos solutions<i aria-hidden=\"true\" class=\"elementor-button-icon sn sn-lightbulb_outline\"><\/i><\/a><\/div>\t\t\t\t<\/div>\n\t\t\t\t<\/div>\n\t\t\t\t<\/div>\n\t\t<div data-particle_enable=\"false\" data-particle-mobile-disabled=\"false\" class=\"elementor-element elementor-element-0df80c5 e-con-full e-flex e-con e-child\" data-id=\"0df80c5\" data-element_type=\"container\" data-e-type=\"container\">\n\t\t\t\t<\/div>\n\t\t\t\t\t<\/div>\n\t\t\t\t<\/div>\n\t\t\t\t<\/div>\n\t\t","protected":false},"excerpt":{"rendered":"<p>You are here: Home P\u00e1gina La panne du transformateur n\u2019est pas un incident. C\u2019est un \u00e9v\u00e9nement syst\u00e9mique. Le SERGI emp\u00eache les explosions et incendies de transformateurs afin de prot\u00e9ger les personnes, les syst\u00e8mes \u00e9lectriques et la continuit\u00e9 des infrastructures critiques dans le monde. D\u00e9couvrez nos solutions<\/p>\n","protected":false},"author":1,"featured_media":0,"parent":44711,"menu_order":0,"comment_status":"closed","ping_status":"closed","template":"elementor_header_footer","meta":{"footnotes":""},"class_list":["post-44206","page","type-page","status-publish","hentry"],"aioseo_notices":[],"_links":{"self":[{"href":"https:\/\/sergi-energy.com\/fr\/wp-json\/wp\/v2\/pages\/44206","targetHints":{"allow":["GET"]}}],"collection":[{"href":"https:\/\/sergi-energy.com\/fr\/wp-json\/wp\/v2\/pages"}],"about":[{"href":"https:\/\/sergi-energy.com\/fr\/wp-json\/wp\/v2\/types\/page"}],"author":[{"embeddable":true,"href":"https:\/\/sergi-energy.com\/fr\/wp-json\/wp\/v2\/users\/1"}],"replies":[{"embeddable":true,"href":"https:\/\/sergi-energy.com\/fr\/wp-json\/wp\/v2\/comments?post=44206"}],"version-history":[{"count":4,"href":"https:\/\/sergi-energy.com\/fr\/wp-json\/wp\/v2\/pages\/44206\/revisions"}],"predecessor-version":[{"id":44752,"href":"https:\/\/sergi-energy.com\/fr\/wp-json\/wp\/v2\/pages\/44206\/revisions\/44752"}],"up":[{"embeddable":true,"href":"https:\/\/sergi-energy.com\/fr\/wp-json\/wp\/v2\/pages\/44711"}],"wp:attachment":[{"href":"https:\/\/sergi-energy.com\/fr\/wp-json\/wp\/v2\/media?parent=44206"}],"curies":[{"name":"wp","href":"https:\/\/api.w.org\/{rel}","templated":true}]}}